{"id":1447,"date":"2025-12-19T13:46:44","date_gmt":"2025-12-19T13:46:44","guid":{"rendered":"https:\/\/pachirproktologie.com\/muj-ucet\/"},"modified":"2025-12-19T13:46:44","modified_gmt":"2025-12-19T13:46:44","slug":"muj-ucet","status":"publish","type":"page","link":"https:\/\/pachirproktologie.com\/en\/muj-ucet\/","title":{"rendered":"M\u016fj \u00fa\u010det"},"content":{"rendered":"<div class=\"woocommerce ct-woo-unauthorized\"><\/div>","protected":false},"excerpt":{"rendered":"","protected":false},"author":1,"featured_media":0,"parent":0,"menu_order":0,"comment_status":"closed","ping_status":"closed","template":"","meta":{"footnotes":""},"class_list":["post-1447","page","type-page","status-publish","hentry"],"blocksy_meta":[],"_links":{"self":[{"href":"https:\/\/pachirproktologie.com\/en\/wp-json\/wp\/v2\/pages\/1447","targetHints":{"allow":["GET"]}}],"collection":[{"href":"https:\/\/pachirproktologie.com\/en\/wp-json\/wp\/v2\/pages"}],"about":[{"href":"https:\/\/pachirproktologie.com\/en\/wp-json\/wp\/v2\/types\/page"}],"author":[{"embeddable":true,"href":"https:\/\/pachirproktologie.com\/en\/wp-json\/wp\/v2\/users\/1"}],"replies":[{"embeddable":true,"href":"https:\/\/pachirproktologie.com\/en\/wp-json\/wp\/v2\/comments?post=1447"}],"version-history":[{"count":0,"href":"https:\/\/pachirproktologie.com\/en\/wp-json\/wp\/v2\/pages\/1447\/revisions"}],"wp:attachment":[{"href":"https:\/\/pachirproktologie.com\/en\/wp-json\/wp\/v2\/media?parent=1447"}],"curies":[{"name":"wp","href":"https:\/\/api.w.org\/{rel}","templated":true}]}}