{"id":221,"date":"2024-12-27T17:59:18","date_gmt":"2024-12-27T17:59:18","guid":{"rendered":"https:\/\/pachirproktologie.com\/?post_type=product&#038;p=221"},"modified":"2025-12-22T08:39:30","modified_gmt":"2025-12-22T08:39:30","slug":"tamar","status":"publish","type":"product","link":"https:\/\/pachirproktologie.com\/en\/product\/tamar\/","title":{"rendered":"Pom\u016fcka TAMaR"},"content":{"rendered":"","protected":false},"excerpt":{"rendered":"<div class=\"et_pb_module dsm_text_notation dsm_text_notation_1 et_pb_bg_layout_light\">\n<h5 class=\"dsm-text-notation-main et_pb_module_header\">Touto jedine\u010dnou a snadno zvl\u00e1dnutelnou technikou jsou chirurgov\u00e9 schopni prov\u00e1d\u011bt pacientovi minim\u00e1ln\u011b invazivn\u00ed\u00a0a relativn\u011b\u00a0bezbolestn\u00e9 operace<\/h5>\n<\/div>\n<div class=\"et_pb_module et_pb_text et_pb_text_1 et_pb_text_align_left et_pb_bg_layout_light\">\n<div class=\"et_pb_text_inner\">\n<p>jako je hemorrhoidopexe a mukopexe nebo rektoan\u00e1ln\u00ed lifting. Procedura se prov\u00e1d\u00ed pomoc\u00ed pomalu vst\u0159ebateln\u00fdch steh\u016f. Krom\u011b minim\u00e1ln\u00edch komplikac\u00ed a v\u00fdznamn\u00e9 minimalizace bolesti pacient\u016f jsou tak\u00e9 celkov\u00e9 n\u00e1klady na l\u00e9\u010dbu ve srovn\u00e1n\u00ed s jin\u00fdmi metodami v\u00fdznamn\u011b sn\u00ed\u017eeny.<\/p>\n<\/div>\n<\/div>","protected":false},"featured_media":1584,"template":"","meta":[],"product_brand":[],"product_cat":[32],"product_tag":[],"class_list":{"0":"post-221","1":"product","2":"type-product","3":"status-publish","4":"has-post-thumbnail","6":"product_cat-tamar","8":"first","9":"instock","10":"virtual","11":"taxable","12":"product-type-simple"},"_links":{"self":[{"href":"https:\/\/pachirproktologie.com\/en\/wp-json\/wp\/v2\/product\/221","targetHints":{"allow":["GET"]}}],"collection":[{"href":"https:\/\/pachirproktologie.com\/en\/wp-json\/wp\/v2\/product"}],"about":[{"href":"https:\/\/pachirproktologie.com\/en\/wp-json\/wp\/v2\/types\/product"}],"wp:featuredmedia":[{"embeddable":true,"href":"https:\/\/pachirproktologie.com\/en\/wp-json\/wp\/v2\/media\/1584"}],"wp:attachment":[{"href":"https:\/\/pachirproktologie.com\/en\/wp-json\/wp\/v2\/media?parent=221"}],"wp:term":[{"taxonomy":"product_brand","embeddable":true,"href":"https:\/\/pachirproktologie.com\/en\/wp-json\/wp\/v2\/product_brand?post=221"},{"taxonomy":"product_cat","embeddable":true,"href":"https:\/\/pachirproktologie.com\/en\/wp-json\/wp\/v2\/product_cat?post=221"},{"taxonomy":"product_tag","embeddable":true,"href":"https:\/\/pachirproktologie.com\/en\/wp-json\/wp\/v2\/product_tag?post=221"}],"curies":[{"name":"wp","href":"https:\/\/api.w.org\/{rel}","templated":true}]}}